{"id":1502,"date":"2024-06-25T11:09:52","date_gmt":"2024-06-25T09:09:52","guid":{"rendered":"http:\/\/gaia.srl\/?page_id=1502"},"modified":"2024-06-25T11:28:25","modified_gmt":"2024-06-25T09:28:25","slug":"panoramica-progetto","status":"publish","type":"page","link":"https:\/\/gaia.srl\/en\/panoramica-progetto\/","title":{"rendered":"Panoramica Progetto"},"content":{"rendered":"<div data-elementor-type=\"wp-page\" data-elementor-id=\"1502\" class=\"elementor elementor-1502\">\n\t\t\t\t\t\t\t<div class=\"elementor-element elementor-element-c1407a8 e-flex e-con-boxed e-con e-parent\" data-id=\"c1407a8\" data-element_type=\"container\" data-settings=\"{&quot;content_width&quot;:&quot;boxed&quot;}\" data-core-v316-plus=\"true\">\n\t\t\t\t\t<div class=\"e-con-inner\">\n\t\t\t\t<div class=\"elementor-element elementor-element-9016dc6 elementor-widget elementor-widget-text-editor\" data-id=\"9016dc6\" data-element_type=\"widget\" data-widget_type=\"text-editor.default\">\n\t\t\t\t<div class=\"elementor-widget-container\">\n\t\t\t<style>\/*! elementor - v3.18.0 - 20-12-2023 *\/\n.elementor-widget-text-editor.elementor-drop-cap-view-stacked .elementor-drop-cap{background-color:#69727d;color:#fff}.elementor-widget-text-editor.elementor-drop-cap-view-framed .elementor-drop-cap{color:#69727d;border:3px solid;background-color:transparent}.elementor-widget-text-editor:not(.elementor-drop-cap-view-default) .elementor-drop-cap{margin-top:8px}.elementor-widget-text-editor:not(.elementor-drop-cap-view-default) .elementor-drop-cap-letter{width:1em;height:1em}.elementor-widget-text-editor .elementor-drop-cap{float:left;text-align:center;line-height:1;font-size:50px}.elementor-widget-text-editor .elementor-drop-cap-letter{display:inline-block}<\/style>\t\t\t\t<h4><strong>Piano Complementare al PNRR nei territori colpiti dal sisma 2009 \u2013 2016 \u2013 Misura B1.3.a \u201cInterventi per la nascita, lo sviluppo e il consolidamento di iniziative micro-imprenditoriali e per l\u2019attrazione e il rientro di imprenditori\u201d<\/strong><\/h4>\t\t\t\t\t\t<\/div>\n\t\t\t\t<\/div>\n\t\t\t\t<div class=\"elementor-element elementor-element-fbfa85f elementor-widget elementor-widget-text-editor\" data-id=\"fbfa85f\" data-element_type=\"widget\" data-widget_type=\"text-editor.default\">\n\t\t\t\t<div class=\"elementor-widget-container\">\n\t\t\t\t\t\t\t<h2>Descrizione<\/h2>\t\t\t\t\t\t<\/div>\n\t\t\t\t<\/div>\n\t\t\t\t<div class=\"elementor-element elementor-element-727e90b elementor-widget elementor-widget-text-editor\" data-id=\"727e90b\" data-element_type=\"widget\" data-widget_type=\"text-editor.default\">\n\t\t\t\t<div class=\"elementor-widget-container\">\n\t\t\t\t\t\t\t<p>GAIA \u00e8 una start-up innovativa, spin-off dell\u2019Universit\u00e0 degli Studi di Macerata, fondata da un gruppo di esperti di etica, diritto e intelligenza artificiale.<\/p><p>L\u2019idea di impresa nasce a seguito dell\u2019esperienza di alcuni dei membri del team, all\u2019interno di contesti di avanguardia dove \u00e8 emersa un\u2019esigenza di supporto e di figure preparate sul tema dello sviluppo di sistemi sostenibili di Intelligenza artificiale.<\/p><p>L\u2019azienda si pone, l\u2019obiettivo di supportare le aziende a progettare soluzioni orientate al rispetto del quadro normativo vigente, valorizzando l\u2019aspetto ETICO dei sistemi di IA nello sviluppo di nuove iniziative imprenditoriali: a tal fine, si intende costituire una piattaforma digitale in grado di sviluppare valutazioni automatiche dei rischi delle tecnologie basate su sistemi IA (individuazione, quantificazione, identificazione delle appropriate misure tecniche e organizzative, valutazione del rischio residuo e della sua accettabilit\u00e0 giuridica ed etica) e, di conseguenza, di fornire un quadro accurato del grado di conformit\u00e0 di un prodotto basato su IA alla normativa e agli standard etico-giuridici europei emanati, o in corso di emanazione, in materia.<\/p>\t\t\t\t\t\t<\/div>\n\t\t\t\t<\/div>\n\t\t\t\t<div class=\"elementor-element elementor-element-a44d6e8 elementor-widget elementor-widget-text-editor\" data-id=\"a44d6e8\" data-element_type=\"widget\" data-widget_type=\"text-editor.default\">\n\t\t\t\t<div class=\"elementor-widget-container\">\n\t\t\t\t\t\t\t<h2>Obiettivi<\/h2>\t\t\t\t\t\t<\/div>\n\t\t\t\t<\/div>\n\t\t\t\t<div class=\"elementor-element elementor-element-845101b elementor-widget elementor-widget-text-editor\" data-id=\"845101b\" data-element_type=\"widget\" data-widget_type=\"text-editor.default\">\n\t\t\t\t<div class=\"elementor-widget-container\">\n\t\t\t\t\t\t\t<p>Nello specifico GAIA:<\/p>\n<ul>\n<li>Elaborer\u00e0 soluzioni capaci di valutare rischi etici e compliance giuridica dei sistemi di intelligenza artificiale, garantendone la conformit\u00e0 con i pi\u00f9 recenti standard e normative, anche a livello europeo, e le funzionalit\u00e0 per una corretta gestione dei processi di data governance <\/li>\n<li>Offrir\u00e0 assistenza e supporto ai soggetti operanti nell\u2019ambito dello sviluppo di prodotti e di servizi basati su sistemi di intelligenza artificiale <\/li>\n<li>Svilupper\u00e0 prodotti e servizi innovativi ad alto valore tecnologico, sfruttando le potenzialit\u00e0 dell\u2019intelligenza artificiale e ispirandosi ai principi di una IA sostenibile, for good and for society<\/li>\n<\/ul>\t\t\t\t\t\t<\/div>\n\t\t\t\t<\/div>\n\t\t\t\t<div class=\"elementor-element elementor-element-13f46fd elementor-widget elementor-widget-text-editor\" data-id=\"13f46fd\" data-element_type=\"widget\" data-widget_type=\"text-editor.default\">\n\t\t\t\t<div class=\"elementor-widget-container\">\n\t\t\t\t\t\t\t<h2>Risultati<\/h2>\t\t\t\t\t\t<\/div>\n\t\t\t\t<\/div>\n\t\t\t\t<div class=\"elementor-element elementor-element-7cc2f40 elementor-widget elementor-widget-text-editor\" data-id=\"7cc2f40\" data-element_type=\"widget\" data-widget_type=\"text-editor.default\">\n\t\t\t\t<div class=\"elementor-widget-container\">\n\t\t\t\t\t\t\t<ul><li>Sviluppo di una piattaforma ready-to use<\/li><li>Design del framework etico-giuridico<\/li><\/ul>\t\t\t\t\t\t<\/div>\n\t\t\t\t<\/div>\n\t\t\t\t\t<\/div>\n\t\t\t\t<\/div>\n\t\t<div class=\"elementor-element elementor-element-a6e7f86 e-flex e-con-boxed e-con e-parent\" data-id=\"a6e7f86\" data-element_type=\"container\" data-settings=\"{&quot;content_width&quot;:&quot;boxed&quot;}\" data-core-v316-plus=\"true\">\n\t\t\t\t\t<div class=\"e-con-inner\">\n\t\t<div class=\"elementor-element elementor-element-a760bd7 e-con-full e-flex e-con e-child\" data-id=\"a760bd7\" data-element_type=\"container\" data-settings=\"{&quot;content_width&quot;:&quot;full&quot;}\">\n\t\t\t\t<div class=\"elementor-element elementor-element-aab99f5 elementor-widget__width-initial elementor-widget elementor-widget-image\" data-id=\"aab99f5\" data-element_type=\"widget\" data-widget_type=\"image.default\">\n\t\t\t\t<div class=\"elementor-widget-container\">\n\t\t\t<style>\/*! elementor - v3.18.0 - 20-12-2023 *\/\n.elementor-widget-image{text-align:center}.elementor-widget-image a{display:inline-block}.elementor-widget-image a img[src$=\".svg\"]{width:48px}.elementor-widget-image img{vertical-align:middle;display:inline-block}<\/style>\t\t\t\t\t\t\t\t\t\t\t\t\t<a href=\"https:\/\/gaia.srl\/en\/panoramica-progetto\/\">\n\t\t\t\t\t\t\t<img fetchpriority=\"high\" decoding=\"async\" width=\"1024\" height=\"245\" src=\"https:\/\/gaia.srl\/wp-content\/uploads\/2024\/06\/logoSdM2009-2-1024x245.png\" class=\"attachment-large size-large wp-image-1492\" alt=\"\" srcset=\"https:\/\/gaia.srl\/wp-content\/uploads\/2024\/06\/logoSdM2009-2-1024x245.png 1024w, https:\/\/gaia.srl\/wp-content\/uploads\/2024\/06\/logoSdM2009-2-300x72.png 300w, https:\/\/gaia.srl\/wp-content\/uploads\/2024\/06\/logoSdM2009-2-768x184.png 768w, https:\/\/gaia.srl\/wp-content\/uploads\/2024\/06\/logoSdM2009-2-1536x368.png 1536w, https:\/\/gaia.srl\/wp-content\/uploads\/2024\/06\/logoSdM2009-2-2048x490.png 2048w, https:\/\/gaia.srl\/wp-content\/uploads\/2024\/06\/logoSdM2009-2-18x4.png 18w\" sizes=\"(max-width: 1024px) 100vw, 1024px\" \/>\t\t\t\t\t\t\t\t<\/a>\n\t\t\t\t\t\t\t\t\t\t\t\t\t\t\t<\/div>\n\t\t\t\t<\/div>\n\t\t\t\t<\/div>\n\t\t<div class=\"elementor-element elementor-element-4ab8168 e-con-full e-flex e-con e-child\" data-id=\"4ab8168\" data-element_type=\"container\" data-settings=\"{&quot;content_width&quot;:&quot;full&quot;}\">\n\t\t\t\t<div class=\"elementor-element elementor-element-55f8a16 elementor-widget__width-initial elementor-widget elementor-widget-image\" data-id=\"55f8a16\" data-element_type=\"widget\" data-widget_type=\"image.default\">\n\t\t\t\t<div class=\"elementor-widget-container\">\n\t\t\t\t\t\t\t\t\t\t\t\t\t\t\t\t<a href=\"https:\/\/gaia.srl\/en\/panoramica-progetto\/\">\n\t\t\t\t\t\t\t<img decoding=\"async\" width=\"474\" height=\"71\" src=\"https:\/\/gaia.srl\/wp-content\/uploads\/2024\/06\/Risorsa-1-3.png\" class=\"attachment-large size-large wp-image-1494\" alt=\"\" srcset=\"https:\/\/gaia.srl\/wp-content\/uploads\/2024\/06\/Risorsa-1-3.png 474w, https:\/\/gaia.srl\/wp-content\/uploads\/2024\/06\/Risorsa-1-3-300x45.png 300w, https:\/\/gaia.srl\/wp-content\/uploads\/2024\/06\/Risorsa-1-3-18x3.png 18w\" sizes=\"(max-width: 474px) 100vw, 474px\" \/>\t\t\t\t\t\t\t\t<\/a>\n\t\t\t\t\t\t\t\t\t\t\t\t\t\t\t<\/div>\n\t\t\t\t<\/div>\n\t\t\t\t<\/div>\n\t\t<div class=\"elementor-element elementor-element-473252b e-con-full e-flex e-con e-child\" data-id=\"473252b\" data-element_type=\"container\" data-settings=\"{&quot;content_width&quot;:&quot;full&quot;}\">\n\t\t\t\t<div class=\"elementor-element elementor-element-ba37695 elementor-widget elementor-widget-image\" data-id=\"ba37695\" data-element_type=\"widget\" data-widget_type=\"image.default\">\n\t\t\t\t<div class=\"elementor-widget-container\">\n\t\t\t\t\t\t\t\t\t\t\t\t\t\t\t\t<a href=\"https:\/\/gaia.srl\/en\/panoramica-progetto\/\">\n\t\t\t\t\t\t\t<img decoding=\"async\" width=\"842\" height=\"232\" src=\"https:\/\/gaia.srl\/wp-content\/uploads\/2024\/06\/Tavola-disegno-1-1.png\" class=\"attachment-large size-large wp-image-1490\" alt=\"\" srcset=\"https:\/\/gaia.srl\/wp-content\/uploads\/2024\/06\/Tavola-disegno-1-1.png 842w, https:\/\/gaia.srl\/wp-content\/uploads\/2024\/06\/Tavola-disegno-1-1-300x83.png 300w, https:\/\/gaia.srl\/wp-content\/uploads\/2024\/06\/Tavola-disegno-1-1-768x212.png 768w, https:\/\/gaia.srl\/wp-content\/uploads\/2024\/06\/Tavola-disegno-1-1-18x5.png 18w\" sizes=\"(max-width: 842px) 100vw, 842px\" \/>\t\t\t\t\t\t\t\t<\/a>\n\t\t\t\t\t\t\t\t\t\t\t\t\t\t\t<\/div>\n\t\t\t\t<\/div>\n\t\t\t\t<\/div>\n\t\t\t\t\t<\/div>\n\t\t\t\t<\/div>\n\t\t\t\t\t\t\t<\/div>","protected":false},"excerpt":{"rendered":"<p>Piano Complementare al PNRR nei territori colpiti dal sisma 2009 \u2013 2016 \u2013 Misura B1.3.a \u201cInterventi per la nascita, lo sviluppo e il consolidamento di iniziative micro-imprenditoriali e per l\u2019attrazione e il rientro di imprenditori\u201d Descrizione GAIA \u00e8 una start-up innovativa, spin-off dell\u2019Universit\u00e0 degli Studi di Macerata, fondata da un gruppo di esperti di etica, [&hellip;]<\/p>","protected":false},"author":1,"featured_media":0,"parent":0,"menu_order":0,"comment_status":"closed","ping_status":"closed","template":"","meta":{"footnotes":""},"class_list":["post-1502","page","type-page","status-publish","hentry"],"blocksy_meta":[],"_links":{"self":[{"href":"https:\/\/gaia.srl\/en\/wp-json\/wp\/v2\/pages\/1502","targetHints":{"allow":["GET"]}}],"collection":[{"href":"https:\/\/gaia.srl\/en\/wp-json\/wp\/v2\/pages"}],"about":[{"href":"https:\/\/gaia.srl\/en\/wp-json\/wp\/v2\/types\/page"}],"author":[{"embeddable":true,"href":"https:\/\/gaia.srl\/en\/wp-json\/wp\/v2\/users\/1"}],"replies":[{"embeddable":true,"href":"https:\/\/gaia.srl\/en\/wp-json\/wp\/v2\/comments?post=1502"}],"version-history":[{"count":7,"href":"https:\/\/gaia.srl\/en\/wp-json\/wp\/v2\/pages\/1502\/revisions"}],"predecessor-version":[{"id":1516,"href":"https:\/\/gaia.srl\/en\/wp-json\/wp\/v2\/pages\/1502\/revisions\/1516"}],"wp:attachment":[{"href":"https:\/\/gaia.srl\/en\/wp-json\/wp\/v2\/media?parent=1502"}],"curies":[{"name":"wp","href":"https:\/\/api.w.org\/{rel}","templated":true}]}}