{"id":13,"date":"2024-01-16T11:41:33","date_gmt":"2024-01-16T10:41:33","guid":{"rendered":"http:\/\/gaia.srl\/?page_id=13"},"modified":"2024-01-16T16:13:43","modified_gmt":"2024-01-16T15:13:43","slug":"cosa-facciamo","status":"publish","type":"page","link":"https:\/\/gaia.srl\/en\/cosa-facciamo\/","title":{"rendered":"Cosa facciamo"},"content":{"rendered":"<div data-elementor-type=\"wp-post\" data-elementor-id=\"13\" class=\"elementor elementor-13\">\n\t\t\t\t\t\t\t<div class=\"elementor-element elementor-element-395042b e-flex e-con-boxed e-con e-parent\" data-id=\"395042b\" data-element_type=\"container\" data-settings=\"{&quot;content_width&quot;:&quot;boxed&quot;}\" data-core-v316-plus=\"true\">\n\t\t\t\t\t<div class=\"e-con-inner\">\n\t\t<div class=\"elementor-element elementor-element-9ba0b10 e-con-full e-flex e-con e-child\" data-id=\"9ba0b10\" data-element_type=\"container\" data-settings=\"{&quot;content_width&quot;:&quot;full&quot;}\">\n\t\t\t\t<div class=\"elementor-element elementor-element-e813fc9 elementor-widget elementor-widget-heading\" data-id=\"e813fc9\" data-element_type=\"widget\" data-widget_type=\"heading.default\">\n\t\t\t\t<div class=\"elementor-widget-container\">\n\t\t\t<style>\/*! elementor - v3.18.0 - 20-12-2023 *\/\n.elementor-heading-title{padding:0;margin:0;line-height:1}.elementor-widget-heading .elementor-heading-title[class*=elementor-size-]>a{color:inherit;font-size:inherit;line-height:inherit}.elementor-widget-heading .elementor-heading-title.elementor-size-small{font-size:15px}.elementor-widget-heading .elementor-heading-title.elementor-size-medium{font-size:19px}.elementor-widget-heading .elementor-heading-title.elementor-size-large{font-size:29px}.elementor-widget-heading .elementor-heading-title.elementor-size-xl{font-size:39px}.elementor-widget-heading .elementor-heading-title.elementor-size-xxl{font-size:59px}<\/style><h2 class=\"elementor-heading-title elementor-size-default\">Soluzioni capaci di valutare rischi etici e compliance giuridica<\/h2>\t\t<\/div>\n\t\t\t\t<\/div>\n\t\t\t\t<div class=\"elementor-element elementor-element-f7e3bec elementor-widget elementor-widget-text-editor\" data-id=\"f7e3bec\" data-element_type=\"widget\" data-widget_type=\"text-editor.default\">\n\t\t\t\t<div class=\"elementor-widget-container\">\n\t\t\t<style>\/*! elementor - v3.18.0 - 20-12-2023 *\/\n.elementor-widget-text-editor.elementor-drop-cap-view-stacked .elementor-drop-cap{background-color:#69727d;color:#fff}.elementor-widget-text-editor.elementor-drop-cap-view-framed .elementor-drop-cap{color:#69727d;border:3px solid;background-color:transparent}.elementor-widget-text-editor:not(.elementor-drop-cap-view-default) .elementor-drop-cap{margin-top:8px}.elementor-widget-text-editor:not(.elementor-drop-cap-view-default) .elementor-drop-cap-letter{width:1em;height:1em}.elementor-widget-text-editor .elementor-drop-cap{float:left;text-align:center;line-height:1;font-size:50px}.elementor-widget-text-editor .elementor-drop-cap-letter{display:inline-block}<\/style>\t\t\t\t<p>dei sistemi di Intelligenza Artificiale, garantendone la conformit\u00e0 con i pi\u00f9 recenti standard e normative, anche a livello europeo, e le funzionalit\u00e0 per una corretta gestione dei processi di data governance.<\/p>\t\t\t\t\t\t<\/div>\n\t\t\t\t<\/div>\n\t\t\t\t<\/div>\n\t\t<div class=\"elementor-element elementor-element-7b3f161 e-con-full e-flex e-con e-child\" data-id=\"7b3f161\" data-element_type=\"container\" data-settings=\"{&quot;content_width&quot;:&quot;full&quot;}\">\n\t\t\t\t<div class=\"elementor-element elementor-element-4ff783a elementor-widget elementor-widget-image\" data-id=\"4ff783a\" data-element_type=\"widget\" data-widget_type=\"image.default\">\n\t\t\t\t<div class=\"elementor-widget-container\">\n\t\t\t<style>\/*! elementor - v3.18.0 - 20-12-2023 *\/\n.elementor-widget-image{text-align:center}.elementor-widget-image a{display:inline-block}.elementor-widget-image a img[src$=\".svg\"]{width:48px}.elementor-widget-image img{vertical-align:middle;display:inline-block}<\/style>\t\t\t\t\t\t\t\t\t\t\t\t<img fetchpriority=\"high\" decoding=\"async\" width=\"300\" height=\"300\" src=\"https:\/\/gaia.srl\/wp-content\/uploads\/2024\/01\/ai-300x300.png\" class=\"attachment-medium size-medium wp-image-1223\" alt=\"\" srcset=\"https:\/\/gaia.srl\/wp-content\/uploads\/2024\/01\/ai-300x300.png 300w, https:\/\/gaia.srl\/wp-content\/uploads\/2024\/01\/ai-150x150.png 150w, https:\/\/gaia.srl\/wp-content\/uploads\/2024\/01\/ai.png 512w\" sizes=\"(max-width: 300px) 100vw, 300px\" \/>\t\t\t\t\t\t\t\t\t\t\t\t\t\t\t<\/div>\n\t\t\t\t<\/div>\n\t\t\t\t<\/div>\n\t\t\t\t\t<\/div>\n\t\t\t\t<\/div>\n\t\t<div class=\"elementor-element elementor-element-028ad18 e-flex e-con-boxed e-con e-parent\" data-id=\"028ad18\" data-element_type=\"container\" data-settings=\"{&quot;content_width&quot;:&quot;boxed&quot;}\" data-core-v316-plus=\"true\">\n\t\t\t\t\t<div class=\"e-con-inner\">\n\t\t<div class=\"elementor-element elementor-element-f55b52b e-con-full e-flex e-con e-child\" data-id=\"f55b52b\" data-element_type=\"container\" data-settings=\"{&quot;content_width&quot;:&quot;full&quot;}\">\n\t\t\t\t<div class=\"elementor-element elementor-element-6675648 elementor-widget elementor-widget-image\" data-id=\"6675648\" data-element_type=\"widget\" data-widget_type=\"image.default\">\n\t\t\t\t<div class=\"elementor-widget-container\">\n\t\t\t\t\t\t\t\t\t\t\t\t\t\t\t<img decoding=\"async\" width=\"300\" height=\"300\" src=\"https:\/\/gaia.srl\/wp-content\/uploads\/2024\/01\/trust-300x300.png\" class=\"attachment-medium size-medium wp-image-1224\" alt=\"\" srcset=\"https:\/\/gaia.srl\/wp-content\/uploads\/2024\/01\/trust-300x300.png 300w, https:\/\/gaia.srl\/wp-content\/uploads\/2024\/01\/trust-150x150.png 150w, https:\/\/gaia.srl\/wp-content\/uploads\/2024\/01\/trust.png 512w\" sizes=\"(max-width: 300px) 100vw, 300px\" \/>\t\t\t\t\t\t\t\t\t\t\t\t\t\t\t<\/div>\n\t\t\t\t<\/div>\n\t\t\t\t<\/div>\n\t\t<div class=\"elementor-element elementor-element-8cd104b e-con-full e-flex e-con e-child\" data-id=\"8cd104b\" data-element_type=\"container\" data-settings=\"{&quot;content_width&quot;:&quot;full&quot;}\">\n\t\t\t\t<div class=\"elementor-element elementor-element-e9bc3ec elementor-widget elementor-widget-heading\" data-id=\"e9bc3ec\" data-element_type=\"widget\" data-widget_type=\"heading.default\">\n\t\t\t\t<div class=\"elementor-widget-container\">\n\t\t\t<h2 class=\"elementor-heading-title elementor-size-default\">Assistenza e supporto ai soggetti pubblici e privati<\/h2>\t\t<\/div>\n\t\t\t\t<\/div>\n\t\t\t\t<div class=\"elementor-element elementor-element-46deae4 elementor-widget elementor-widget-text-editor\" data-id=\"46deae4\" data-element_type=\"widget\" data-widget_type=\"text-editor.default\">\n\t\t\t\t<div class=\"elementor-widget-container\">\n\t\t\t\t\t\t\t<p>operanti nell\u2019ambito dello sviluppo di prodotti e di servizi basati su sistemi di intelligenza artificiale.<br><\/p>\t\t\t\t\t\t<\/div>\n\t\t\t\t<\/div>\n\t\t\t\t<\/div>\n\t\t\t\t\t<\/div>\n\t\t\t\t<\/div>\n\t\t<div class=\"elementor-element elementor-element-ca81cce e-flex e-con-boxed e-con e-parent\" data-id=\"ca81cce\" data-element_type=\"container\" data-settings=\"{&quot;content_width&quot;:&quot;boxed&quot;}\" data-core-v316-plus=\"true\">\n\t\t\t\t\t<div class=\"e-con-inner\">\n\t\t<div class=\"elementor-element elementor-element-2d00a12 e-con-full e-flex e-con e-child\" data-id=\"2d00a12\" data-element_type=\"container\" data-settings=\"{&quot;content_width&quot;:&quot;full&quot;}\">\n\t\t\t\t<div class=\"elementor-element elementor-element-8676a0c elementor-widget elementor-widget-heading\" data-id=\"8676a0c\" data-element_type=\"widget\" data-widget_type=\"heading.default\">\n\t\t\t\t<div class=\"elementor-widget-container\">\n\t\t\t<h2 class=\"elementor-heading-title elementor-size-default\">Prodotti e servizi innovativi ad alto valore tecnologico<\/h2>\t\t<\/div>\n\t\t\t\t<\/div>\n\t\t\t\t<div class=\"elementor-element elementor-element-b4a9eff elementor-widget elementor-widget-text-editor\" data-id=\"b4a9eff\" data-element_type=\"widget\" data-widget_type=\"text-editor.default\">\n\t\t\t\t<div class=\"elementor-widget-container\">\n\t\t\t\t\t\t\t<p>sfruttando le potenzialit\u00e0 dell\u2019intelligenza artificiale e ispirandosi ai principi di una IA sostenibile, for good and for society.\u00a0<\/p>\t\t\t\t\t\t<\/div>\n\t\t\t\t<\/div>\n\t\t\t\t<\/div>\n\t\t<div class=\"elementor-element elementor-element-cc3a34c e-con-full e-flex e-con e-child\" data-id=\"cc3a34c\" data-element_type=\"container\" data-settings=\"{&quot;content_width&quot;:&quot;full&quot;}\">\n\t\t\t\t<div class=\"elementor-element elementor-element-fa43f44 elementor-widget elementor-widget-image\" data-id=\"fa43f44\" data-element_type=\"widget\" data-widget_type=\"image.default\">\n\t\t\t\t<div class=\"elementor-widget-container\">\n\t\t\t\t\t\t\t\t\t\t\t\t\t\t\t<img decoding=\"async\" width=\"300\" height=\"300\" src=\"https:\/\/gaia.srl\/wp-content\/uploads\/2024\/01\/future-300x300.png\" class=\"attachment-medium size-medium wp-image-1226\" alt=\"\" srcset=\"https:\/\/gaia.srl\/wp-content\/uploads\/2024\/01\/future-300x300.png 300w, https:\/\/gaia.srl\/wp-content\/uploads\/2024\/01\/future-150x150.png 150w, https:\/\/gaia.srl\/wp-content\/uploads\/2024\/01\/future.png 512w\" sizes=\"(max-width: 300px) 100vw, 300px\" \/>\t\t\t\t\t\t\t\t\t\t\t\t\t\t\t<\/div>\n\t\t\t\t<\/div>\n\t\t\t\t<\/div>\n\t\t\t\t\t<\/div>\n\t\t\t\t<\/div>\n\t\t\t\t\t\t\t<\/div>","protected":false},"excerpt":{"rendered":"<p>Soluzioni capaci di valutare rischi etici e compliance giuridica dei sistemi di Intelligenza Artificiale, garantendone la conformit\u00e0 con i pi\u00f9 recenti standard e normative, anche a livello europeo, e le funzionalit\u00e0 per una corretta gestione dei processi di data governance. Assistenza e supporto ai soggetti pubblici e privati operanti nell\u2019ambito dello sviluppo di prodotti e [&hellip;]<\/p>","protected":false},"author":1,"featured_media":0,"parent":0,"menu_order":0,"comment_status":"closed","ping_status":"closed","template":"","meta":{"footnotes":""},"class_list":["post-13","page","type-page","status-publish","hentry"],"blocksy_meta":[],"_links":{"self":[{"href":"https:\/\/gaia.srl\/en\/wp-json\/wp\/v2\/pages\/13","targetHints":{"allow":["GET"]}}],"collection":[{"href":"https:\/\/gaia.srl\/en\/wp-json\/wp\/v2\/pages"}],"about":[{"href":"https:\/\/gaia.srl\/en\/wp-json\/wp\/v2\/types\/page"}],"author":[{"embeddable":true,"href":"https:\/\/gaia.srl\/en\/wp-json\/wp\/v2\/users\/1"}],"replies":[{"embeddable":true,"href":"https:\/\/gaia.srl\/en\/wp-json\/wp\/v2\/comments?post=13"}],"version-history":[{"count":20,"href":"https:\/\/gaia.srl\/en\/wp-json\/wp\/v2\/pages\/13\/revisions"}],"predecessor-version":[{"id":1229,"href":"https:\/\/gaia.srl\/en\/wp-json\/wp\/v2\/pages\/13\/revisions\/1229"}],"wp:attachment":[{"href":"https:\/\/gaia.srl\/en\/wp-json\/wp\/v2\/media?parent=13"}],"curies":[{"name":"wp","href":"https:\/\/api.w.org\/{rel}","templated":true}]}}